{"id":19220,"date":"2026-03-04T13:23:24","date_gmt":"2026-03-04T12:23:24","guid":{"rendered":"https:\/\/cibsub.c.wetopi.com\/guia"},"modified":"2026-04-29T11:12:43","modified_gmt":"2026-04-29T09:12:43","slug":"guia","status":"publish","type":"page","link":"https:\/\/www.cibsub.cat\/en\/guia","title":{"rendered":"Species Guide"},"content":{"rendered":"<p>[et_pb_section fb_built=&#8221;1&#8243; _builder_version=&#8221;4.22.1&#8243; _module_preset=&#8221;default&#8221; global_colors_info=&#8221;{}&#8221;][et_pb_row _builder_version=&#8221;4.22.1&#8243; _module_preset=&#8221;default&#8221; global_colors_info=&#8221;{}&#8221;][et_pb_column type=&#8221;4_4&#8243; _builder_version=&#8221;4.22.1&#8243; _module_preset=&#8221;default&#8221; global_colors_info=&#8221;{}&#8221;][et_pb_heading title=&#8221;Species Guide&#8221; _builder_version=&#8221;4.22.1&#8243; _module_preset=&#8221;default&#8221; custom_margin=&#8221;||||false|false&#8221; global_colors_info=&#8221;{}&#8221;][\/et_pb_heading][et_pb_text _builder_version=&#8221;4.22.1&#8243; _module_preset=&#8221;default&#8221; global_colors_info=&#8221;{}&#8221;]Lorem ipsum dolor sit amet, consectetur adipiscing elit. Cras hendrerit aliquet est sit amet sollicitudin. Vivamus id porttitor odio. Aliquam et commodo orci. Proin at odio a ipsum ornare scelerisque et id nunc. Proin sit amet commodo tortor. Ut consectetur, odio at aliquam convallis, magna velit placerat massa, id facilisis metus libero ac eros. Nulla facilisi. Nam bibendum tempus nisl nec laoreet. Sed posuere purus at magna ornare, sed rutrum odio rutrum.<\/p>\n<p>Proin quam nibh, auctor eget ex eget, pulvinar vehicula tellus. Suspendisse potenti. In ut nisi quis justo condimentum consectetur. Nullam semper orci eros, ut lacinia leo molestie ac. Aenean at posuere tortor. Phasellus sit amet efficitur diam. Interdum et malesuada fames ac ante ipsum primis in faucibus.[\/et_pb_text][\/et_pb_column][\/et_pb_row][et_pb_row _builder_version=&#8221;4.22.1&#8243; _module_preset=&#8221;default&#8221; global_colors_info=&#8221;{}&#8221;][et_pb_column type=&#8221;4_4&#8243; _builder_version=&#8221;4.22.1&#8243; _module_preset=&#8221;default&#8221; global_colors_info=&#8221;{}&#8221;][et_pb_tabs module_class=&#8221;tabs-guia-especies&#8221; _builder_version=&#8221;4.27.6&#8243; _module_preset=&#8221;default&#8221; hover_enabled=&#8221;0&#8243; global_colors_info=&#8221;{}&#8221; sticky_enabled=&#8221;0&#8243;][et_pb_tab title=&#8221;Species&#8221; _builder_version=&#8221;4.22.1&#8243; _module_preset=&#8221;default&#8221; global_colors_info=&#8221;{}&#8221;]<\/p>\n<div class=\"cibsub-guia-grid\">\t\t<a class=\"cibsub-guia-item\" href=\"https:\/\/www.cibsub.cat\/en\/biofamilia\/biofamilia_en-01_green_algae-1603\">\n\t\t\t<div class=\"cibsub-guia-item__image\" style=\"background-image:url(https:\/\/www.cibsub.cat\/wp-content\/uploads\/Algues_verdes00-1-1080x721.jpg);\"><\/div>\n\t\t\t<div class=\"cibsub-guia-item__overlay\">\n\t\t\t\t<h2 class=\"cibsub-guia-item__title\">01. Green algae<\/h2>\n\t\t\t<\/div>\n\t\t<\/a>\n\t\t\t\t<a class=\"cibsub-guia-item\" href=\"https:\/\/www.cibsub.cat\/en\/biofamilia\/biofamilia_en-02_red_algae-32896\">\n\t\t\t<div class=\"cibsub-guia-item__image\" style=\"background-image:url(https:\/\/www.cibsub.cat\/wp-content\/uploads\/Algues_vermelles00-1.jpg);\"><\/div>\n\t\t\t<div class=\"cibsub-guia-item__overlay\">\n\t\t\t\t<h2 class=\"cibsub-guia-item__title\">02. Red algae<\/h2>\n\t\t\t<\/div>\n\t\t<\/a>\n\t\t\t\t<a class=\"cibsub-guia-item\" href=\"https:\/\/www.cibsub.cat\/en\/biofamilia\/biofamilia_en-03_brown_algae-32897\">\n\t\t\t<div class=\"cibsub-guia-item__image\" style=\"background-image:url(https:\/\/www.cibsub.cat\/wp-content\/uploads\/Algues_brunes00-1.jpg);\"><\/div>\n\t\t\t<div class=\"cibsub-guia-item__overlay\">\n\t\t\t\t<h2 class=\"cibsub-guia-item__title\">03. Brown algae<\/h2>\n\t\t\t<\/div>\n\t\t<\/a>\n\t\t\t\t<a class=\"cibsub-guia-item\" href=\"https:\/\/www.cibsub.cat\/en\/biofamilia\/biofamilia_en-04_superior_plants-73535\">\n\t\t\t<div class=\"cibsub-guia-item__image\" style=\"background-image:url(https:\/\/www.cibsub.cat\/wp-content\/uploads\/Plantes_verdes_i_algues-1.jpg);\"><\/div>\n\t\t\t<div class=\"cibsub-guia-item__overlay\">\n\t\t\t\t<h2 class=\"cibsub-guia-item__title\">04. Superior plants<\/h2>\n\t\t\t<\/div>\n\t\t<\/a>\n\t\t\t\t<a class=\"cibsub-guia-item\" href=\"https:\/\/www.cibsub.cat\/en\/biofamilia\/biofamilia_en-05_sponges-1606\">\n\t\t\t<div class=\"cibsub-guia-item__image\" style=\"background-image:url(https:\/\/www.cibsub.cat\/wp-content\/uploads\/Esponges00-1.jpg);\"><\/div>\n\t\t\t<div class=\"cibsub-guia-item__overlay\">\n\t\t\t\t<h2 class=\"cibsub-guia-item__title\">05. Sponges<\/h2>\n\t\t\t<\/div>\n\t\t<\/a>\n\t\t\t\t<a class=\"cibsub-guia-item\" href=\"https:\/\/www.cibsub.cat\/en\/biofamilia\/biofamilia_en-06_cnidarians_medusozoa-1617\">\n\t\t\t<div class=\"cibsub-guia-item__image\" style=\"background-image:url(https:\/\/www.cibsub.cat\/wp-content\/uploads\/Cotylorhiza_tuberculata007-1.jpg);\"><\/div>\n\t\t\t<div class=\"cibsub-guia-item__overlay\">\n\t\t\t\t<h2 class=\"cibsub-guia-item__title\">06. Cnidarians-Medusozoa<\/h2>\n\t\t\t<\/div>\n\t\t<\/a>\n\t\t\t\t<a class=\"cibsub-guia-item\" href=\"https:\/\/www.cibsub.cat\/en\/biofamilia\/biofamilia_en-07_cnidarians_octocorals-28033\">\n\t\t\t<div class=\"cibsub-guia-item__image\" style=\"background-image:url(https:\/\/www.cibsub.cat\/wp-content\/uploads\/Coralls_arbustius0-1.jpg);\"><\/div>\n\t\t\t<div class=\"cibsub-guia-item__overlay\">\n\t\t\t\t<h2 class=\"cibsub-guia-item__title\">07. Cnidarians - Octocorals<\/h2>\n\t\t\t<\/div>\n\t\t<\/a>\n\t\t\t\t<a class=\"cibsub-guia-item\" href=\"https:\/\/www.cibsub.cat\/en\/biofamilia\/biofamilia_en-08_cnidarians_hexacorals-28050\">\n\t\t\t<div class=\"cibsub-guia-item__image\" style=\"background-image:url(https:\/\/www.cibsub.cat\/wp-content\/uploads\/Anemonia_viridis10_2-1.jpg);\"><\/div>\n\t\t\t<div class=\"cibsub-guia-item__overlay\">\n\t\t\t\t<h2 class=\"cibsub-guia-item__title\">08. Cnidarians - Hexacorals<\/h2>\n\t\t\t<\/div>\n\t\t<\/a>\n\t\t\t\t<a class=\"cibsub-guia-item\" href=\"https:\/\/www.cibsub.cat\/en\/biofamilia\/biofamilia_en-09_ctenophores-31948\">\n\t\t\t<div class=\"cibsub-guia-item__image\" style=\"background-image:url(https:\/\/www.cibsub.cat\/wp-content\/uploads\/Mnemiopsis_leidyi_2-1.jpg);\"><\/div>\n\t\t\t<div class=\"cibsub-guia-item__overlay\">\n\t\t\t\t<h2 class=\"cibsub-guia-item__title\">09. Ctenophores<\/h2>\n\t\t\t<\/div>\n\t\t<\/a>\n\t\t\t\t<a class=\"cibsub-guia-item\" href=\"https:\/\/www.cibsub.cat\/en\/biofamilia\/biofamilia_en-10_worms-48437\">\n\t\t\t<div class=\"cibsub-guia-item__image\" style=\"background-image:url(https:\/\/www.cibsub.cat\/wp-content\/uploads\/Leodice_torquata00_2-1.jpg);\"><\/div>\n\t\t\t<div class=\"cibsub-guia-item__overlay\">\n\t\t\t\t<h2 class=\"cibsub-guia-item__title\">10. Worms<\/h2>\n\t\t\t<\/div>\n\t\t<\/a>\n\t\t\t\t<a class=\"cibsub-guia-item\" href=\"https:\/\/www.cibsub.cat\/en\/biofamilia\/biofamilia_en-11_worms_flatworms-27942\">\n\t\t\t<div class=\"cibsub-guia-item__image\" style=\"background-image:url(https:\/\/www.cibsub.cat\/wp-content\/uploads\/Prostheceraeus_roseus07_1-1.jpg);\"><\/div>\n\t\t\t<div class=\"cibsub-guia-item__overlay\">\n\t\t\t\t<h2 class=\"cibsub-guia-item__title\">11. Worms - Flatworms<\/h2>\n\t\t\t<\/div>\n\t\t<\/a>\n\t\t\t\t<a class=\"cibsub-guia-item\" href=\"https:\/\/www.cibsub.cat\/en\/biofamilia\/biofamilia_en-12_molluscs-1605\">\n\t\t\t<div class=\"cibsub-guia-item__image\" style=\"background-image:url(https:\/\/www.cibsub.cat\/wp-content\/uploads\/Mol_luscs-1.jpg);\"><\/div>\n\t\t\t<div class=\"cibsub-guia-item__overlay\">\n\t\t\t\t<h2 class=\"cibsub-guia-item__title\">12. Molluscs<\/h2>\n\t\t\t<\/div>\n\t\t<\/a>\n\t\t\t\t<a class=\"cibsub-guia-item\" href=\"https:\/\/www.cibsub.cat\/en\/biofamilia\/biofamilia_en-13_moluscs_snails-48438\">\n\t\t\t<div class=\"cibsub-guia-item__image\" style=\"background-image:url(https:\/\/www.cibsub.cat\/wp-content\/uploads\/Hexaplex_trunculus000-1.jpg);\"><\/div>\n\t\t\t<div class=\"cibsub-guia-item__overlay\">\n\t\t\t\t<h2 class=\"cibsub-guia-item__title\">13. Moluscs - Snails<\/h2>\n\t\t\t<\/div>\n\t\t<\/a>\n\t\t\t\t<a class=\"cibsub-guia-item\" href=\"https:\/\/www.cibsub.cat\/en\/biofamilia\/biofamilia_en-14_molluscs_seaslugs-27757\">\n\t\t\t<div class=\"cibsub-guia-item__image\" style=\"background-image:url(https:\/\/www.cibsub.cat\/wp-content\/uploads\/Peltodoris_atromaculata30_1-1.jpg);\"><\/div>\n\t\t\t<div class=\"cibsub-guia-item__overlay\">\n\t\t\t\t<h2 class=\"cibsub-guia-item__title\">14. Molluscs - Seaslugs<\/h2>\n\t\t\t<\/div>\n\t\t<\/a>\n\t\t\t\t<a class=\"cibsub-guia-item\" href=\"https:\/\/www.cibsub.cat\/en\/biofamilia\/biofamilia_en-15_bryozoans-27936\">\n\t\t\t<div class=\"cibsub-guia-item__image\" style=\"background-image:url(https:\/\/www.cibsub.cat\/wp-content\/uploads\/Reteporella_grimaldii03_2-1.jpg);\"><\/div>\n\t\t\t<div class=\"cibsub-guia-item__overlay\">\n\t\t\t\t<h2 class=\"cibsub-guia-item__title\">15. Bryozoans<\/h2>\n\t\t\t<\/div>\n\t\t<\/a>\n\t\t\t\t<a class=\"cibsub-guia-item\" href=\"https:\/\/www.cibsub.cat\/en\/biofamilia\/biofamilia_en-16_crustaceans-1629\">\n\t\t\t<div class=\"cibsub-guia-item__image\" style=\"background-image:url(https:\/\/www.cibsub.cat\/wp-content\/uploads\/Stenopus_spinosus004_2-1.jpg);\"><\/div>\n\t\t\t<div class=\"cibsub-guia-item__overlay\">\n\t\t\t\t<h2 class=\"cibsub-guia-item__title\">16. Crustaceans<\/h2>\n\t\t\t<\/div>\n\t\t<\/a>\n\t\t\t\t<a class=\"cibsub-guia-item\" href=\"https:\/\/www.cibsub.cat\/en\/biofamilia\/biofamilia_en-17_urchins_and_sea_cucumbers-1613\">\n\t\t\t<div class=\"cibsub-guia-item__image\" style=\"background-image:url(https:\/\/www.cibsub.cat\/wp-content\/uploads\/Arbacia_lixula04_1-1.jpg);\"><\/div>\n\t\t\t<div class=\"cibsub-guia-item__overlay\">\n\t\t\t\t<h2 class=\"cibsub-guia-item__title\">17. Urchins and sea cucumbers<\/h2>\n\t\t\t<\/div>\n\t\t<\/a>\n\t\t\t\t<a class=\"cibsub-guia-item\" href=\"https:\/\/www.cibsub.cat\/en\/biofamilia\/biofamilia_en-18_seastars-48439\">\n\t\t\t<div class=\"cibsub-guia-item__image\" style=\"background-image:url(https:\/\/www.cibsub.cat\/wp-content\/uploads\/Echinaster_sepositus002-1.jpg);\"><\/div>\n\t\t\t<div class=\"cibsub-guia-item__overlay\">\n\t\t\t\t<h2 class=\"cibsub-guia-item__title\">18. Seastars<\/h2>\n\t\t\t<\/div>\n\t\t<\/a>\n\t\t\t\t<a class=\"cibsub-guia-item\" href=\"https:\/\/www.cibsub.cat\/en\/biofamilia\/biofamilia_en-19_sea_squirts-1604\">\n\t\t\t<div class=\"cibsub-guia-item__image\" style=\"background-image:url(https:\/\/www.cibsub.cat\/wp-content\/uploads\/Halocynthia_papillosa-1.jpg);\"><\/div>\n\t\t\t<div class=\"cibsub-guia-item__overlay\">\n\t\t\t\t<h2 class=\"cibsub-guia-item__title\">19. Sea squirts<\/h2>\n\t\t\t<\/div>\n\t\t<\/a>\n\t\t\t\t<a class=\"cibsub-guia-item\" href=\"https:\/\/www.cibsub.cat\/en\/biofamilia\/biofamilia_en-20_cartilaginous_fishes-1607\">\n\t\t\t<div class=\"cibsub-guia-item__image\" style=\"background-image:url(https:\/\/www.cibsub.cat\/wp-content\/uploads\/Raja_undulata_2-1.jpg);\"><\/div>\n\t\t\t<div class=\"cibsub-guia-item__overlay\">\n\t\t\t\t<h2 class=\"cibsub-guia-item__title\">20. Cartilaginous fishes<\/h2>\n\t\t\t<\/div>\n\t\t<\/a>\n\t\t\t\t<a class=\"cibsub-guia-item\" href=\"https:\/\/www.cibsub.cat\/en\/biofamilia\/biofamilia_en-21_bony_fishes-1608\">\n\t\t\t<div class=\"cibsub-guia-item__image\" style=\"background-image:url(https:\/\/www.cibsub.cat\/wp-content\/uploads\/Epinephelus_marginatus10-1.jpg);\"><\/div>\n\t\t\t<div class=\"cibsub-guia-item__overlay\">\n\t\t\t\t<h2 class=\"cibsub-guia-item__title\">21. Bony fishes<\/h2>\n\t\t\t<\/div>\n\t\t<\/a>\n\t\t\t\t<a class=\"cibsub-guia-item\" href=\"https:\/\/www.cibsub.cat\/en\/biofamilia\/biofamilia_en-22_cetaceans-53595\">\n\t\t\t<div class=\"cibsub-guia-item__image\" style=\"background-image:url(https:\/\/www.cibsub.cat\/wp-content\/uploads\/Stenella_coruleoalba000_2-1.jpg);\"><\/div>\n\t\t\t<div class=\"cibsub-guia-item__overlay\">\n\t\t\t\t<h2 class=\"cibsub-guia-item__title\">22. Cetaceans<\/h2>\n\t\t\t<\/div>\n\t\t<\/a>\n\t\t\t\t<a class=\"cibsub-guia-item\" href=\"https:\/\/www.cibsub.cat\/en\/biofamilia\/biofamilia_en-23_other_subfilums-66124\">\n\t\t\t<div class=\"cibsub-guia-item__image\" style=\"background-image:url(https:\/\/www.cibsub.cat\/wp-content\/uploads\/Endeis_spinosa02-1.jpg);\"><\/div>\n\t\t\t<div class=\"cibsub-guia-item__overlay\">\n\t\t\t\t<h2 class=\"cibsub-guia-item__title\">23. Other Subf\u00edlums<\/h2>\n\t\t\t<\/div>\n\t\t<\/a>\n\t\t<\/div>\n<p>[\/et_pb_tab][et_pb_tab title=&#8221;Glossary&#8221; _builder_version=&#8221;4.22.1&#8243; _module_preset=&#8221;default&#8221; global_colors_info=&#8221;{}&#8221;]<\/p>\n<h2><strong>Glossary<\/strong><\/h2>\n<p>The glossary of the CIB marine species guide aims to be a tool for all those interested in these organisms who do not have a strictly scientific background in marine biology. Therefore, we aim to schematically present the various groups and families of Mediterranean marine fauna and flora, and we also strive to facilitate the understanding of scientific language.<\/p>\n<p>In this way, we want to help improve the understanding of their structures and the functions performed by the different parts of their bodies. We hope it is helpful.<\/p>\n<p><div class=\"cibsub-guia-grid\">\t\t<a class=\"cibsub-guia-item\" href=\"https:\/\/www.cibsub.cat\/en\/glossari\/bioespecie_en-anemon-55354\">\n\t\t\t<div class=\"cibsub-guia-item__image\" style=\"background-image:url(https:\/\/www.cibsub.cat\/wp-content\/uploads\/glossari-Anemona_cat-1.jpg);\"><\/div>\n\t\t\t<div class=\"cibsub-guia-item__overlay\">\n\t\t\t\t<h2 class=\"cibsub-guia-item__title\">Anemons<\/h2>\n\t\t\t<\/div>\n\t\t<\/a>\n\t\t\t\t<a class=\"cibsub-guia-item\" href=\"https:\/\/www.cibsub.cat\/en\/glossari\/bioespecie_en-ascidean-55355\">\n\t\t\t<div class=\"cibsub-guia-item__image\" style=\"background-image:url(https:\/\/www.cibsub.cat\/wp-content\/uploads\/glossari-Ascidi_cat-1.jpg);\"><\/div>\n\t\t\t<div class=\"cibsub-guia-item__overlay\">\n\t\t\t\t<h2 class=\"cibsub-guia-item__title\">Ascideans<\/h2>\n\t\t\t<\/div>\n\t\t<\/a>\n\t\t\t\t<a class=\"cibsub-guia-item\" href=\"https:\/\/www.cibsub.cat\/en\/glossari\/bioespecie_en-ossi-55770\">\n\t\t\t<div class=\"cibsub-guia-item__image\" style=\"background-image:url(https:\/\/www.cibsub.cat\/wp-content\/uploads\/Peix_cat00-1.jpg);\"><\/div>\n\t\t\t<div class=\"cibsub-guia-item__overlay\">\n\t\t\t\t<h2 class=\"cibsub-guia-item__title\">Bony fish or Osteichthyes<\/h2>\n\t\t\t<\/div>\n\t\t<\/a>\n\t\t\t\t<a class=\"cibsub-guia-item\" href=\"https:\/\/www.cibsub.cat\/en\/glossari\/bioespecie_en-bryozoan-55356\">\n\t\t\t<div class=\"cibsub-guia-item__image\" style=\"background-image:url(https:\/\/www.cibsub.cat\/wp-content\/uploads\/glossari-Briozou_cat-1.jpg);\"><\/div>\n\t\t\t<div class=\"cibsub-guia-item__overlay\">\n\t\t\t\t<h2 class=\"cibsub-guia-item__title\">Bryozoans<\/h2>\n\t\t\t<\/div>\n\t\t<\/a>\n\t\t\t\t<a class=\"cibsub-guia-item\" href=\"https:\/\/www.cibsub.cat\/en\/glossari\/bioespecie_es-cartilaginos-55769\">\n\t\t\t<div class=\"cibsub-guia-item__image\" style=\"background-image:url(https:\/\/www.cibsub.cat\/wp-content\/uploads\/Elasmobranqui_cat00-1.jpg);\"><\/div>\n\t\t\t<div class=\"cibsub-guia-item__overlay\">\n\t\t\t\t<h2 class=\"cibsub-guia-item__title\">Cartilaginous fishes or Chondrichthyes<\/h2>\n\t\t\t<\/div>\n\t\t<\/a>\n\t\t\t\t<a class=\"cibsub-guia-item\" href=\"https:\/\/www.cibsub.cat\/en\/glossari\/bioespecie_en-coral-55357\">\n\t\t\t<div class=\"cibsub-guia-item__image\" style=\"background-image:url(https:\/\/www.cibsub.cat\/wp-content\/uploads\/glossari-Octocorall_cat.jpg);\"><\/div>\n\t\t\t<div class=\"cibsub-guia-item__overlay\">\n\t\t\t\t<h2 class=\"cibsub-guia-item__title\">Corals<\/h2>\n\t\t\t<\/div>\n\t\t<\/a>\n\t\t\t\t<a class=\"cibsub-guia-item\" href=\"https:\/\/www.cibsub.cat\/en\/glossari\/bioespecie_en-crustacean-55358\">\n\t\t\t<div class=\"cibsub-guia-item__image\" style=\"background-image:url(https:\/\/www.cibsub.cat\/wp-content\/uploads\/glossari-Crustaci_cat.jpg);\"><\/div>\n\t\t\t<div class=\"cibsub-guia-item__overlay\">\n\t\t\t\t<h2 class=\"cibsub-guia-item__title\">Crustaceans<\/h2>\n\t\t\t<\/div>\n\t\t<\/a>\n\t\t\t\t<a class=\"cibsub-guia-item\" href=\"https:\/\/www.cibsub.cat\/en\/glossari\/bioespecie_en-ctenophore-55359\">\n\t\t\t<div class=\"cibsub-guia-item__image\" style=\"background-image:url(https:\/\/www.cibsub.cat\/wp-content\/uploads\/glossari-Ctenofor_cat.jpg);\"><\/div>\n\t\t\t<div class=\"cibsub-guia-item__overlay\">\n\t\t\t\t<h2 class=\"cibsub-guia-item__title\">Ctenophores<\/h2>\n\t\t\t<\/div>\n\t\t<\/a>\n\t\t\t\t<a class=\"cibsub-guia-item\" href=\"https:\/\/www.cibsub.cat\/en\/glossari\/bioespecie_en-erico-55679\">\n\t\t\t<div class=\"cibsub-guia-item__image\" style=\"background-image:url(https:\/\/www.cibsub.cat\/wp-content\/uploads\/glossari-Equinoderm_cat.jpg);\"><\/div>\n\t\t\t<div class=\"cibsub-guia-item__overlay\">\n\t\t\t\t<h2 class=\"cibsub-guia-item__title\">Echinoderms Sea urchins<\/h2>\n\t\t\t<\/div>\n\t\t<\/a>\n\t\t\t\t<a class=\"cibsub-guia-item\" href=\"https:\/\/www.cibsub.cat\/en\/glossari\/bioespecie_en-estrella-55680\">\n\t\t\t<div class=\"cibsub-guia-item__image\" style=\"background-image:url(https:\/\/www.cibsub.cat\/wp-content\/uploads\/glossari-Estrella_cat.jpg);\"><\/div>\n\t\t\t<div class=\"cibsub-guia-item__overlay\">\n\t\t\t\t<h2 class=\"cibsub-guia-item__title\">Echinoderms Seastars<\/h2>\n\t\t\t<\/div>\n\t\t<\/a>\n\t\t\t\t<a class=\"cibsub-guia-item\" href=\"https:\/\/www.cibsub.cat\/en\/glossari\/bioespecie_en-jellyfish-55365\">\n\t\t\t<div class=\"cibsub-guia-item__image\" style=\"background-image:url(https:\/\/www.cibsub.cat\/wp-content\/uploads\/glossari-Medusa_cat.jpg);\"><\/div>\n\t\t\t<div class=\"cibsub-guia-item__overlay\">\n\t\t\t\t<h2 class=\"cibsub-guia-item__title\">Jellyfish<\/h2>\n\t\t\t<\/div>\n\t\t<\/a>\n\t\t\t\t<a class=\"cibsub-guia-item\" href=\"https:\/\/www.cibsub.cat\/en\/glossari\/bioespecie_en-bivalve-55765\">\n\t\t\t<div class=\"cibsub-guia-item__image\" style=\"background-image:url(https:\/\/www.cibsub.cat\/wp-content\/uploads\/glossari-Bivalve_cat.jpg);\"><\/div>\n\t\t\t<div class=\"cibsub-guia-item__overlay\">\n\t\t\t\t<h2 class=\"cibsub-guia-item__title\">Moluscs bivavles<\/h2>\n\t\t\t<\/div>\n\t\t<\/a>\n\t\t\t\t<a class=\"cibsub-guia-item\" href=\"https:\/\/www.cibsub.cat\/en\/glossari\/bioespecie_es-cefalopode-55766\">\n\t\t\t<div class=\"cibsub-guia-item__image\" style=\"background-image:url(https:\/\/www.cibsub.cat\/wp-content\/uploads\/glossari-Pop_cat.jpg);\"><\/div>\n\t\t\t<div class=\"cibsub-guia-item__overlay\">\n\t\t\t\t<h2 class=\"cibsub-guia-item__title\">Moluscs cephalopods<\/h2>\n\t\t\t<\/div>\n\t\t<\/a>\n\t\t\t\t<a class=\"cibsub-guia-item\" href=\"https:\/\/www.cibsub.cat\/en\/glossari\/bioespecie_es-gasteropode-55767\">\n\t\t\t<div class=\"cibsub-guia-item__image\" style=\"background-image:url(https:\/\/www.cibsub.cat\/wp-content\/uploads\/glossari-Gasteropode_cat.jpg);\"><\/div>\n\t\t\t<div class=\"cibsub-guia-item__overlay\">\n\t\t\t\t<h2 class=\"cibsub-guia-item__title\">Moluscs Gastropods<\/h2>\n\t\t\t<\/div>\n\t\t<\/a>\n\t\t\t\t<a class=\"cibsub-guia-item\" href=\"https:\/\/www.cibsub.cat\/en\/glossari\/bioespecie_es-opistobranqui-55768\">\n\t\t\t<div class=\"cibsub-guia-item__image\" style=\"background-image:url(https:\/\/www.cibsub.cat\/wp-content\/uploads\/glossari-Opistobranqui_cat.jpeg.jpg);\"><\/div>\n\t\t\t<div class=\"cibsub-guia-item__overlay\">\n\t\t\t\t<h2 class=\"cibsub-guia-item__title\">Opistobranch molluscs<\/h2>\n\t\t\t<\/div>\n\t\t<\/a>\n\t\t\t\t<a class=\"cibsub-guia-item\" href=\"https:\/\/www.cibsub.cat\/en\/glossari\/bioespecie_en-sponge-55364\">\n\t\t\t<div class=\"cibsub-guia-item__image\" style=\"background-image:url(https:\/\/www.cibsub.cat\/wp-content\/uploads\/glossari-Esponja_cat.jpg);\"><\/div>\n\t\t\t<div class=\"cibsub-guia-item__overlay\">\n\t\t\t\t<h2 class=\"cibsub-guia-item__title\">Sponges<\/h2>\n\t\t\t<\/div>\n\t\t<\/a>\n\t\t<\/div>[\/et_pb_tab][et_pb_tab title=&#8221;Credits&#8221; _builder_version=&#8221;4.22.1&#8243; _module_preset=&#8221;default&#8221; global_colors_info=&#8221;{}&#8221;]<\/p>\n<h2><strong>Credits<\/strong><\/h2>\n<p><strong>The following individuals participated in the research for the preparation of this guide:<\/strong><br \/>David Abrodos, Henar Alonso, Adri\u00e0 Antich, Ana Araqu\u00e9, Vanessa Arranz, Rosa Balart, Ariadna Bardina, Enric Barn\u00fas, Josep Bel, Maria Blanes, Cristina Borrell, Greta Boix, Albert Borr\u00e0s, N\u00faria Cabezas, Marta Campos, Montse Campos, Meritxell Camps, Maria Casso, Clara C\u00e1novas, Xavier Corrales, Miquel Correa, Andrei Deulofeu, Agn\u00e8s Escurriola, Sofia Espu\u00f1a, Ana Estallo, Xavier Farr\u00e9, Joan Frias, Marta G\u00f3mez, Araceli Gort, Anna Guti\u00e9rrez, Antonio Ib\u00e1\u00f1ez, Dafne Jacome, Ra\u00fcl Jim\u00e9nez, Sheila Jim\u00e9nez, Marc Pacareu, Laura Pag\u00e8s, Cinta Pegueroles, Patr\u00edcia Lafuente, Adriana Libori, Anna L\u00f3pez, M\u00aaAngels L\u00f3pez, Alba Lorenzo, M\u00f2nica Lozano, Lu\u00eds Eduardo Lucena, Cristina Moya, Alba Pic\u00f3n, Francesc Marqu\u00e9s, Laura Mart\u00ed, Sandra Mart\u00ednez, Helena Masip, Neus Matamalas, Josep Mora, Ram\u00f3n Mu\u00f1oz, Lorena Navarro, Ver\u00f3nica Neira, Sandra Ortiz, N\u00faria Pamplona, Cinta Pegueroles, Cristina P\u00e9rez, Meritxell P\u00e9rez, Albert Pessarrodona, Alba Pic\u00f3n, Lola Pi\u00f1ol, Nat\u00e0lia Puig, Marta Quesada, Jordi Reg\u00e0s, Marcos Roca-Cusachs, Irene Rodr\u00edguez, S\u00edlvia Rossell, S\u00edlvia Salvador, Jordi S\u00e1nchez, Sergio S\u00e1nchez, Sonia S\u00e1nchez, Berta Segura, Gregorio Serrano, Guifr\u00e9 Torruella, Aitor Urdiales, Marc Uy\u00e0, Roger Valls, Antonia Vaquer, Cristina Velasco and Arne Wiegandt<\/p>\n<p><strong>Photography:<\/strong><br \/>Joan Fern\u00e1ndez, Bernat Garrig\u00f3s, S\u00edlvia Junc\u00e0, Antoni L\u00f3pez-Arenas, \u00c0lex Lorente, Enric Madrenas, Anja Mares and Jordi Reg\u00e0s<\/p>\n<p><strong>Coordination and review:<\/strong><br \/>Agn\u00e8s Escurriola and Jordi Reg\u00e0s<\/p>\n<p><strong>Acknowledgements to:<\/strong><br \/>Manuel Ballesteros, Olivier Erwan Caro, Luca Lavelli, Pablo J. L\u00f3pez-Gonz\u00e1lez, Dani Mart\u00edn, Creu Palac\u00edn, Xavier Tur\u00f3n and Jordi Rull<\/p>\n<p>[\/et_pb_tab][\/et_pb_tabs][\/et_pb_column][\/et_pb_row][\/et_pb_section][et_pb_section fb_built=&#8221;1&#8243; _builder_version=&#8221;4.22.1&#8243; _module_preset=&#8221;default&#8221; global_colors_info=&#8221;{}&#8221;][\/et_pb_section]<\/p>\n","protected":false},"excerpt":{"rendered":"<p>[et_pb_section fb_built=&#8221;1&#8243; _builder_version=&#8221;4.22.1&#8243; _module_preset=&#8221;default&#8221; global_colors_info=&#8221;{}&#8221;][et_pb_row _builder_version=&#8221;4.22.1&#8243; _module_preset=&#8221;default&#8221; global_colors_info=&#8221;{}&#8221;][et_pb_column type=&#8221;4_4&#8243; _builder_version=&#8221;4.22.1&#8243; _module_preset=&#8221;default&#8221; global_colors_info=&#8221;{}&#8221;][et_pb_heading title=&#8221;Species Guide&#8221; _builder_version=&#8221;4.22.1&#8243; _module_preset=&#8221;default&#8221; custom_margin=&#8221;||||false|false&#8221; global_colors_info=&#8221;{}&#8221;][\/et_pb_heading][et_pb_text _builder_version=&#8221;4.22.1&#8243; _module_preset=&#8221;default&#8221; global_colors_info=&#8221;{}&#8221;]Lorem ipsum dolor sit amet, consectetur adipiscing elit. Cras hendrerit aliquet est sit amet sollicitudin. Vivamus id porttitor odio. Aliquam et commodo orci. Proin at odio a ipsum ornare scelerisque et id nunc. Proin sit [&hellip;]<\/p>\n","protected":false},"author":1,"featured_media":0,"parent":0,"menu_order":0,"comment_status":"closed","ping_status":"closed","template":"","meta":{"_acf_changed":false,"_et_pb_use_builder":"on","_et_pb_old_content":"","_et_gb_content_width":"","footnotes":""},"class_list":["post-19220","page","type-page","status-publish","hentry"],"acf":[],"_links":{"self":[{"href":"https:\/\/www.cibsub.cat\/en\/wp-json\/wp\/v2\/pages\/19220","targetHints":{"allow":["GET"]}}],"collection":[{"href":"https:\/\/www.cibsub.cat\/en\/wp-json\/wp\/v2\/pages"}],"about":[{"href":"https:\/\/www.cibsub.cat\/en\/wp-json\/wp\/v2\/types\/page"}],"author":[{"embeddable":true,"href":"https:\/\/www.cibsub.cat\/en\/wp-json\/wp\/v2\/users\/1"}],"replies":[{"embeddable":true,"href":"https:\/\/www.cibsub.cat\/en\/wp-json\/wp\/v2\/comments?post=19220"}],"version-history":[{"count":3,"href":"https:\/\/www.cibsub.cat\/en\/wp-json\/wp\/v2\/pages\/19220\/revisions"}],"predecessor-version":[{"id":19418,"href":"https:\/\/www.cibsub.cat\/en\/wp-json\/wp\/v2\/pages\/19220\/revisions\/19418"}],"wp:attachment":[{"href":"https:\/\/www.cibsub.cat\/en\/wp-json\/wp\/v2\/media?parent=19220"}],"curies":[{"name":"wp","href":"https:\/\/api.w.org\/{rel}","templated":true}]}}