{"id":19216,"date":"2026-03-04T13:23:24","date_gmt":"2026-03-04T12:23:24","guid":{"rendered":"https:\/\/cibsub.c.wetopi.com\/guia"},"modified":"2026-04-29T11:12:43","modified_gmt":"2026-04-29T09:12:43","slug":"guia","status":"publish","type":"page","link":"https:\/\/www.cibsub.cat\/es\/guia","title":{"rendered":"Gu\u00eda de especies"},"content":{"rendered":"<p>[et_pb_section fb_built=\u00bb1&#8243; _builder_version=\u00bb4.22.1&#8243; _module_preset=\u00bbdefault\u00bb global_colors_info=\u00bb{}\u00bb][et_pb_row _builder_version=\u00bb4.22.1&#8243; _module_preset=\u00bbdefault\u00bb global_colors_info=\u00bb{}\u00bb][et_pb_column type=\u00bb4_4&#8243; _builder_version=\u00bb4.22.1&#8243; _module_preset=\u00bbdefault\u00bb global_colors_info=\u00bb{}\u00bb][et_pb_heading title=\u00bbGu\u00eda de especies\u00bb _builder_version=\u00bb4.22.1&#8243; _module_preset=\u00bbdefault\u00bb custom_margin=\u00bb||||false|false\u00bb global_colors_info=\u00bb{}\u00bb][\/et_pb_heading][et_pb_text _builder_version=\u00bb4.22.1&#8243; _module_preset=\u00bbdefault\u00bb global_colors_info=\u00bb{}\u00bb]Lorem ipsum dolor sit amet, consectetur adipiscing elit. Cras hendrerit aliquet est sit amet sollicitudin. Vivamus id porttitor odio. Aliquam et commodo orci. Proin at odio a ipsum ornare scelerisque et id nunc. Proin sit amet commodo tortor. Ut consectetur, odio at aliquam convallis, magna velit placerat massa, id facilisis metus libero ac eros. Nulla facilisi. Nam bibendum tempus nisl nec laoreet. Sed posuere purus at magna ornare, sed rutrum odio rutrum.<\/p>\n<p>Proin quam nibh, auctor eget ex eget, pulvinar vehicula tellus. Suspendisse potenti. In ut nisi quis justo condimentum consectetur. Nullam semper orci eros, ut lacinia leo molestie ac. Aenean at posuere tortor. Phasellus sit amet efficitur diam. Interdum et malesuada fames ac ante ipsum primis in faucibus.[\/et_pb_text][\/et_pb_column][\/et_pb_row][et_pb_row _builder_version=\u00bb4.22.1&#8243; _module_preset=\u00bbdefault\u00bb global_colors_info=\u00bb{}\u00bb][et_pb_column type=\u00bb4_4&#8243; _builder_version=\u00bb4.22.1&#8243; _module_preset=\u00bbdefault\u00bb global_colors_info=\u00bb{}\u00bb][et_pb_tabs module_class=\u00bbtabs-guia-especies\u00bb _builder_version=\u00bb4.27.6&#8243; _module_preset=\u00bbdefault\u00bb hover_enabled=\u00bb0&#8243; global_colors_info=\u00bb{}\u00bb sticky_enabled=\u00bb0&#8243;][et_pb_tab title=\u00bbEspecies\u00bb _builder_version=\u00bb4.22.1&#8243; _module_preset=\u00bbdefault\u00bb global_colors_info=\u00bb{}\u00bb]<\/p>\n<div class=\"cibsub-guia-grid\">\t\t<a class=\"cibsub-guia-item\" href=\"https:\/\/www.cibsub.cat\/es\/biofamilia\/biofamilia_es-01_algas_verdes-1603\">\n\t\t\t<div class=\"cibsub-guia-item__image\" style=\"background-image:url(https:\/\/www.cibsub.cat\/wp-content\/uploads\/Algues_verdes00-1-1080x721.jpg);\"><\/div>\n\t\t\t<div class=\"cibsub-guia-item__overlay\">\n\t\t\t\t<h2 class=\"cibsub-guia-item__title\">01. Algas verdes<\/h2>\n\t\t\t<\/div>\n\t\t<\/a>\n\t\t\t\t<a class=\"cibsub-guia-item\" href=\"https:\/\/www.cibsub.cat\/es\/biofamilia\/biofamilia_es-02_algas_rojas-32896\">\n\t\t\t<div class=\"cibsub-guia-item__image\" style=\"background-image:url(https:\/\/www.cibsub.cat\/wp-content\/uploads\/Algues_vermelles00-1.jpg);\"><\/div>\n\t\t\t<div class=\"cibsub-guia-item__overlay\">\n\t\t\t\t<h2 class=\"cibsub-guia-item__title\">02. Algas rojas<\/h2>\n\t\t\t<\/div>\n\t\t<\/a>\n\t\t\t\t<a class=\"cibsub-guia-item\" href=\"https:\/\/www.cibsub.cat\/es\/biofamilia\/biofamilia_es-03_algas_pardas-32897\">\n\t\t\t<div class=\"cibsub-guia-item__image\" style=\"background-image:url(https:\/\/www.cibsub.cat\/wp-content\/uploads\/Algues_brunes00-1.jpg);\"><\/div>\n\t\t\t<div class=\"cibsub-guia-item__overlay\">\n\t\t\t\t<h2 class=\"cibsub-guia-item__title\">03. Algas pardas<\/h2>\n\t\t\t<\/div>\n\t\t<\/a>\n\t\t\t\t<a class=\"cibsub-guia-item\" href=\"https:\/\/www.cibsub.cat\/es\/biofamilia\/biofamilia_es-04_plantas_superiores-73535\">\n\t\t\t<div class=\"cibsub-guia-item__image\" style=\"background-image:url(https:\/\/www.cibsub.cat\/wp-content\/uploads\/Plantes_verdes_i_algues-1.jpg);\"><\/div>\n\t\t\t<div class=\"cibsub-guia-item__overlay\">\n\t\t\t\t<h2 class=\"cibsub-guia-item__title\">04. Plantas superiores<\/h2>\n\t\t\t<\/div>\n\t\t<\/a>\n\t\t\t\t<a class=\"cibsub-guia-item\" href=\"https:\/\/www.cibsub.cat\/es\/biofamilia\/biofamilia_es-05_esponjas-1606\">\n\t\t\t<div class=\"cibsub-guia-item__image\" style=\"background-image:url(https:\/\/www.cibsub.cat\/wp-content\/uploads\/Esponges00-1.jpg);\"><\/div>\n\t\t\t<div class=\"cibsub-guia-item__overlay\">\n\t\t\t\t<h2 class=\"cibsub-guia-item__title\">05. Esponjas<\/h2>\n\t\t\t<\/div>\n\t\t<\/a>\n\t\t\t\t<a class=\"cibsub-guia-item\" href=\"https:\/\/www.cibsub.cat\/es\/biofamilia\/biofamilia_es-06_cnidarios_medusas-1617\">\n\t\t\t<div class=\"cibsub-guia-item__image\" style=\"background-image:url(https:\/\/www.cibsub.cat\/wp-content\/uploads\/Cotylorhiza_tuberculata007-1.jpg);\"><\/div>\n\t\t\t<div class=\"cibsub-guia-item__overlay\">\n\t\t\t\t<h2 class=\"cibsub-guia-item__title\">06. Cnidarios-Medusas<\/h2>\n\t\t\t<\/div>\n\t\t<\/a>\n\t\t\t\t<a class=\"cibsub-guia-item\" href=\"https:\/\/www.cibsub.cat\/es\/biofamilia\/biofamilia_es-07_cnidarios_octocorales-28033\">\n\t\t\t<div class=\"cibsub-guia-item__image\" style=\"background-image:url(https:\/\/www.cibsub.cat\/wp-content\/uploads\/Coralls_arbustius0-1.jpg);\"><\/div>\n\t\t\t<div class=\"cibsub-guia-item__overlay\">\n\t\t\t\t<h2 class=\"cibsub-guia-item__title\">07. Cnidarios - Octocorales<\/h2>\n\t\t\t<\/div>\n\t\t<\/a>\n\t\t\t\t<a class=\"cibsub-guia-item\" href=\"https:\/\/www.cibsub.cat\/es\/biofamilia\/biofamilia_es-08_cnidarios_hexacorales-28050\">\n\t\t\t<div class=\"cibsub-guia-item__image\" style=\"background-image:url(https:\/\/www.cibsub.cat\/wp-content\/uploads\/Anemonia_viridis10_2-1.jpg);\"><\/div>\n\t\t\t<div class=\"cibsub-guia-item__overlay\">\n\t\t\t\t<h2 class=\"cibsub-guia-item__title\">08. Cnidarios - Hexacorales<\/h2>\n\t\t\t<\/div>\n\t\t<\/a>\n\t\t\t\t<a class=\"cibsub-guia-item\" href=\"https:\/\/www.cibsub.cat\/es\/biofamilia\/biofamilia_es-09_ctenoforos-31948\">\n\t\t\t<div class=\"cibsub-guia-item__image\" style=\"background-image:url(https:\/\/www.cibsub.cat\/wp-content\/uploads\/Mnemiopsis_leidyi_2-1.jpg);\"><\/div>\n\t\t\t<div class=\"cibsub-guia-item__overlay\">\n\t\t\t\t<h2 class=\"cibsub-guia-item__title\">09. Cten\u00f3foros<\/h2>\n\t\t\t<\/div>\n\t\t<\/a>\n\t\t\t\t<a class=\"cibsub-guia-item\" href=\"https:\/\/www.cibsub.cat\/es\/biofamilia\/biofamilia_es-10_gusanos-48437\">\n\t\t\t<div class=\"cibsub-guia-item__image\" style=\"background-image:url(https:\/\/www.cibsub.cat\/wp-content\/uploads\/Leodice_torquata00_2-1.jpg);\"><\/div>\n\t\t\t<div class=\"cibsub-guia-item__overlay\">\n\t\t\t\t<h2 class=\"cibsub-guia-item__title\">10. Gusanos<\/h2>\n\t\t\t<\/div>\n\t\t<\/a>\n\t\t\t\t<a class=\"cibsub-guia-item\" href=\"https:\/\/www.cibsub.cat\/es\/biofamilia\/biofamilia_es-11_gusanos_planarias-27942\">\n\t\t\t<div class=\"cibsub-guia-item__image\" style=\"background-image:url(https:\/\/www.cibsub.cat\/wp-content\/uploads\/Prostheceraeus_roseus07_1-1.jpg);\"><\/div>\n\t\t\t<div class=\"cibsub-guia-item__overlay\">\n\t\t\t\t<h2 class=\"cibsub-guia-item__title\">11. Gusanos - Planarias<\/h2>\n\t\t\t<\/div>\n\t\t<\/a>\n\t\t\t\t<a class=\"cibsub-guia-item\" href=\"https:\/\/www.cibsub.cat\/es\/biofamilia\/biofamilia_es-12_moluscos-1605\">\n\t\t\t<div class=\"cibsub-guia-item__image\" style=\"background-image:url(https:\/\/www.cibsub.cat\/wp-content\/uploads\/Mol_luscs-1.jpg);\"><\/div>\n\t\t\t<div class=\"cibsub-guia-item__overlay\">\n\t\t\t\t<h2 class=\"cibsub-guia-item__title\">12. Moluscos<\/h2>\n\t\t\t<\/div>\n\t\t<\/a>\n\t\t\t\t<a class=\"cibsub-guia-item\" href=\"https:\/\/www.cibsub.cat\/es\/biofamilia\/biofamilia_es-13_moluscos_caracoles-48438\">\n\t\t\t<div class=\"cibsub-guia-item__image\" style=\"background-image:url(https:\/\/www.cibsub.cat\/wp-content\/uploads\/Hexaplex_trunculus000-1.jpg);\"><\/div>\n\t\t\t<div class=\"cibsub-guia-item__overlay\">\n\t\t\t\t<h2 class=\"cibsub-guia-item__title\">13. Moluscos - Caracoles<\/h2>\n\t\t\t<\/div>\n\t\t<\/a>\n\t\t\t\t<a class=\"cibsub-guia-item\" href=\"https:\/\/www.cibsub.cat\/es\/biofamilia\/biofamilia_es-14_moluscos_babosas_marinas-27757\">\n\t\t\t<div class=\"cibsub-guia-item__image\" style=\"background-image:url(https:\/\/www.cibsub.cat\/wp-content\/uploads\/Peltodoris_atromaculata30_1-1.jpg);\"><\/div>\n\t\t\t<div class=\"cibsub-guia-item__overlay\">\n\t\t\t\t<h2 class=\"cibsub-guia-item__title\">14. Moluscos - Babosas marinas<\/h2>\n\t\t\t<\/div>\n\t\t<\/a>\n\t\t\t\t<a class=\"cibsub-guia-item\" href=\"https:\/\/www.cibsub.cat\/es\/biofamilia\/biofamilia_es-15_briozoos-27936\">\n\t\t\t<div class=\"cibsub-guia-item__image\" style=\"background-image:url(https:\/\/www.cibsub.cat\/wp-content\/uploads\/Reteporella_grimaldii03_2-1.jpg);\"><\/div>\n\t\t\t<div class=\"cibsub-guia-item__overlay\">\n\t\t\t\t<h2 class=\"cibsub-guia-item__title\">15. Briozoos<\/h2>\n\t\t\t<\/div>\n\t\t<\/a>\n\t\t\t\t<a class=\"cibsub-guia-item\" href=\"https:\/\/www.cibsub.cat\/es\/biofamilia\/biofamilia_es-16_crustaceos-1629\">\n\t\t\t<div class=\"cibsub-guia-item__image\" style=\"background-image:url(https:\/\/www.cibsub.cat\/wp-content\/uploads\/Stenopus_spinosus004_2-1.jpg);\"><\/div>\n\t\t\t<div class=\"cibsub-guia-item__overlay\">\n\t\t\t\t<h2 class=\"cibsub-guia-item__title\">16. Crust\u00e1ceos<\/h2>\n\t\t\t<\/div>\n\t\t<\/a>\n\t\t\t\t<a class=\"cibsub-guia-item\" href=\"https:\/\/www.cibsub.cat\/es\/biofamilia\/biofamilia_es-17_erizos_y_pepinos_de_mar-1613\">\n\t\t\t<div class=\"cibsub-guia-item__image\" style=\"background-image:url(https:\/\/www.cibsub.cat\/wp-content\/uploads\/Arbacia_lixula04_1-1.jpg);\"><\/div>\n\t\t\t<div class=\"cibsub-guia-item__overlay\">\n\t\t\t\t<h2 class=\"cibsub-guia-item__title\">17. Erizos y pepinos de mar<\/h2>\n\t\t\t<\/div>\n\t\t<\/a>\n\t\t\t\t<a class=\"cibsub-guia-item\" href=\"https:\/\/www.cibsub.cat\/es\/biofamilia\/biofamilia_es-18_estrellas_de_mar-48439\">\n\t\t\t<div class=\"cibsub-guia-item__image\" style=\"background-image:url(https:\/\/www.cibsub.cat\/wp-content\/uploads\/Echinaster_sepositus002-1.jpg);\"><\/div>\n\t\t\t<div class=\"cibsub-guia-item__overlay\">\n\t\t\t\t<h2 class=\"cibsub-guia-item__title\">18. Estrellas de mar<\/h2>\n\t\t\t<\/div>\n\t\t<\/a>\n\t\t\t\t<a class=\"cibsub-guia-item\" href=\"https:\/\/www.cibsub.cat\/es\/biofamilia\/biofamilia_en-19_sea_squirts-1604\">\n\t\t\t<div class=\"cibsub-guia-item__image\" style=\"background-image:url(https:\/\/www.cibsub.cat\/wp-content\/uploads\/Halocynthia_papillosa-1.jpg);\"><\/div>\n\t\t\t<div class=\"cibsub-guia-item__overlay\">\n\t\t\t\t<h2 class=\"cibsub-guia-item__title\">19. Tunicados<\/h2>\n\t\t\t<\/div>\n\t\t<\/a>\n\t\t\t\t<a class=\"cibsub-guia-item\" href=\"https:\/\/www.cibsub.cat\/es\/biofamilia\/biofamilia_es-20_peces_cartilaginosos-1607\">\n\t\t\t<div class=\"cibsub-guia-item__image\" style=\"background-image:url(https:\/\/www.cibsub.cat\/wp-content\/uploads\/Raja_undulata_2-1.jpg);\"><\/div>\n\t\t\t<div class=\"cibsub-guia-item__overlay\">\n\t\t\t\t<h2 class=\"cibsub-guia-item__title\">20. Peces cartilaginosos<\/h2>\n\t\t\t<\/div>\n\t\t<\/a>\n\t\t\t\t<a class=\"cibsub-guia-item\" href=\"https:\/\/www.cibsub.cat\/es\/biofamilia\/biofamilia_es-21_peces_oseos-1608\">\n\t\t\t<div class=\"cibsub-guia-item__image\" style=\"background-image:url(https:\/\/www.cibsub.cat\/wp-content\/uploads\/Epinephelus_marginatus10-1.jpg);\"><\/div>\n\t\t\t<div class=\"cibsub-guia-item__overlay\">\n\t\t\t\t<h2 class=\"cibsub-guia-item__title\">21. Peces \u00f3seos<\/h2>\n\t\t\t<\/div>\n\t\t<\/a>\n\t\t\t\t<a class=\"cibsub-guia-item\" href=\"https:\/\/www.cibsub.cat\/es\/biofamilia\/biofamilia_es-22_cetaceos-53595\">\n\t\t\t<div class=\"cibsub-guia-item__image\" style=\"background-image:url(https:\/\/www.cibsub.cat\/wp-content\/uploads\/Stenella_coruleoalba000_2-1.jpg);\"><\/div>\n\t\t\t<div class=\"cibsub-guia-item__overlay\">\n\t\t\t\t<h2 class=\"cibsub-guia-item__title\">22. Cet\u00e1ceos<\/h2>\n\t\t\t<\/div>\n\t\t<\/a>\n\t\t\t\t<a class=\"cibsub-guia-item\" href=\"https:\/\/www.cibsub.cat\/es\/biofamilia\/biofamilia_es-23_otros_subfilums-66124\">\n\t\t\t<div class=\"cibsub-guia-item__image\" style=\"background-image:url(https:\/\/www.cibsub.cat\/wp-content\/uploads\/Endeis_spinosa02-1.jpg);\"><\/div>\n\t\t\t<div class=\"cibsub-guia-item__overlay\">\n\t\t\t\t<h2 class=\"cibsub-guia-item__title\">23. Otros Subfilums<\/h2>\n\t\t\t<\/div>\n\t\t<\/a>\n\t\t<\/div>\n<p>[\/et_pb_tab][et_pb_tab title=\u00bbGlosario\u00bb _builder_version=\u00bb4.22.1&#8243; _module_preset=\u00bbdefault\u00bb global_colors_info=\u00bb{}\u00bb]<\/p>\n<h2><strong>Glosario<\/strong><\/h2>\n<p>El glosario de la gu\u00eda de especies marinas del CIB quiere ser una herramienta para todas aquellas personas interesadas en estos organismos que no tienen una formaci\u00f3n estrictamente cient\u00edfica en el campo de la biolog\u00eda marina. Intentamos, por lo tanto, mostrar de forma esquem\u00e1tica los diversos grupos y familias de la fauna y la flora marina del Mediterr\u00e1neo e intentamos, adem\u00e1s, facilitar la comprensi\u00f3n del lenguaje cient\u00edfico.<\/p>\n<p>De esta manera queremos ayudar a que se comprendan mejor sus estructuras y qu\u00e9 funciones desarrollan las diversas partes de sus cuerpos. Esperamos que te sea de ayuda.<\/p>\n<p><div class=\"cibsub-guia-grid\">\t\t<a class=\"cibsub-guia-item\" href=\"https:\/\/www.cibsub.cat\/es\/glossari\/bioespecie_es-anemona-55354\">\n\t\t\t<div class=\"cibsub-guia-item__image\" style=\"background-image:url(https:\/\/www.cibsub.cat\/wp-content\/uploads\/glosario-Anemona_cast-1.jpg);\"><\/div>\n\t\t\t<div class=\"cibsub-guia-item__overlay\">\n\t\t\t\t<h2 class=\"cibsub-guia-item__title\">An\u00e9monas<\/h2>\n\t\t\t<\/div>\n\t\t<\/a>\n\t\t\t\t<a class=\"cibsub-guia-item\" href=\"https:\/\/www.cibsub.cat\/es\/glossari\/bioespecie_es-ascidia-55355\">\n\t\t\t<div class=\"cibsub-guia-item__image\" style=\"background-image:url(https:\/\/www.cibsub.cat\/wp-content\/uploads\/glosario-Ascidi_cast-1.jpg);\"><\/div>\n\t\t\t<div class=\"cibsub-guia-item__overlay\">\n\t\t\t\t<h2 class=\"cibsub-guia-item__title\">Ascidias<\/h2>\n\t\t\t<\/div>\n\t\t<\/a>\n\t\t\t\t<a class=\"cibsub-guia-item\" href=\"https:\/\/www.cibsub.cat\/es\/glossari\/bioespecie_es-briozoo-55356\">\n\t\t\t<div class=\"cibsub-guia-item__image\" style=\"background-image:url(https:\/\/www.cibsub.cat\/wp-content\/uploads\/glosario-Briozoo_cast.jpg);\"><\/div>\n\t\t\t<div class=\"cibsub-guia-item__overlay\">\n\t\t\t\t<h2 class=\"cibsub-guia-item__title\">Briozoos<\/h2>\n\t\t\t<\/div>\n\t\t<\/a>\n\t\t\t\t<a class=\"cibsub-guia-item\" href=\"https:\/\/www.cibsub.cat\/es\/glossari\/bioespecie_es-corale-55357\">\n\t\t\t<div class=\"cibsub-guia-item__image\" style=\"background-image:url(https:\/\/www.cibsub.cat\/wp-content\/uploads\/glosario-Octocoral_cast.jpg);\"><\/div>\n\t\t\t<div class=\"cibsub-guia-item__overlay\">\n\t\t\t\t<h2 class=\"cibsub-guia-item__title\">Corales<\/h2>\n\t\t\t<\/div>\n\t\t<\/a>\n\t\t\t\t<a class=\"cibsub-guia-item\" href=\"https:\/\/www.cibsub.cat\/es\/glossari\/bioespecie_es-crustaceo-55358\">\n\t\t\t<div class=\"cibsub-guia-item__image\" style=\"background-image:url(https:\/\/www.cibsub.cat\/wp-content\/uploads\/glosario-Crustaci_cast.jpg);\"><\/div>\n\t\t\t<div class=\"cibsub-guia-item__overlay\">\n\t\t\t\t<h2 class=\"cibsub-guia-item__title\">Crust\u00e1ceos<\/h2>\n\t\t\t<\/div>\n\t\t<\/a>\n\t\t\t\t<a class=\"cibsub-guia-item\" href=\"https:\/\/www.cibsub.cat\/es\/glossari\/bioespecie_es-ctenoforo-55359\">\n\t\t\t<div class=\"cibsub-guia-item__image\" style=\"background-image:url(https:\/\/www.cibsub.cat\/wp-content\/uploads\/glosario-Ctenofor_cast.jpg);\"><\/div>\n\t\t\t<div class=\"cibsub-guia-item__overlay\">\n\t\t\t\t<h2 class=\"cibsub-guia-item__title\">Cten\u00f3foros<\/h2>\n\t\t\t<\/div>\n\t\t<\/a>\n\t\t\t\t<a class=\"cibsub-guia-item\" href=\"https:\/\/www.cibsub.cat\/es\/glossari\/bioespecie_en-erico-55679\">\n\t\t\t<div class=\"cibsub-guia-item__image\" style=\"background-image:url(https:\/\/www.cibsub.cat\/wp-content\/uploads\/glosario-Equinodermo_cast.jpg);\"><\/div>\n\t\t\t<div class=\"cibsub-guia-item__overlay\">\n\t\t\t\t<h2 class=\"cibsub-guia-item__title\">Equinodermons Erizos<\/h2>\n\t\t\t<\/div>\n\t\t<\/a>\n\t\t\t\t<a class=\"cibsub-guia-item\" href=\"https:\/\/www.cibsub.cat\/es\/glossari\/bioespecie_en-estrella-55680\">\n\t\t\t<div class=\"cibsub-guia-item__image\" style=\"background-image:url(https:\/\/www.cibsub.cat\/wp-content\/uploads\/glosario-Estrella_cast.jpg);\"><\/div>\n\t\t\t<div class=\"cibsub-guia-item__overlay\">\n\t\t\t\t<h2 class=\"cibsub-guia-item__title\">Equinodermos Estrellas de mar<\/h2>\n\t\t\t<\/div>\n\t\t<\/a>\n\t\t\t\t<a class=\"cibsub-guia-item\" href=\"https:\/\/www.cibsub.cat\/es\/glossari\/bioespecie_es-esponja-55364\">\n\t\t\t<div class=\"cibsub-guia-item__image\" style=\"background-image:url(https:\/\/www.cibsub.cat\/wp-content\/uploads\/glosario-Esponja_cast.jpg);\"><\/div>\n\t\t\t<div class=\"cibsub-guia-item__overlay\">\n\t\t\t\t<h2 class=\"cibsub-guia-item__title\">Esponjas<\/h2>\n\t\t\t<\/div>\n\t\t<\/a>\n\t\t\t\t<a class=\"cibsub-guia-item\" href=\"https:\/\/www.cibsub.cat\/es\/glossari\/bioespecie-planaria-55677\">\n\t\t\t<div class=\"cibsub-guia-item__image\" style=\"background-image:url(https:\/\/www.cibsub.cat\/wp-content\/uploads\/glosario-Planaria_cast.jpg);\"><\/div>\n\t\t\t<div class=\"cibsub-guia-item__overlay\">\n\t\t\t\t<h2 class=\"cibsub-guia-item__title\">Gusanos planos o planarias<\/h2>\n\t\t\t<\/div>\n\t\t<\/a>\n\t\t\t\t<a class=\"cibsub-guia-item\" href=\"https:\/\/www.cibsub.cat\/es\/glossari\/bioespecie_en-poliquet-55678\">\n\t\t\t<div class=\"cibsub-guia-item__image\" style=\"background-image:url(https:\/\/www.cibsub.cat\/wp-content\/uploads\/glosario-Poliquet_cast.jpg);\"><\/div>\n\t\t\t<div class=\"cibsub-guia-item__overlay\">\n\t\t\t\t<h2 class=\"cibsub-guia-item__title\">Gusanos poliquetos<\/h2>\n\t\t\t<\/div>\n\t\t<\/a>\n\t\t\t\t<a class=\"cibsub-guia-item\" href=\"https:\/\/www.cibsub.cat\/es\/glossari\/bioespecie_es-medusa-55365\">\n\t\t\t<div class=\"cibsub-guia-item__image\" style=\"background-image:url(https:\/\/www.cibsub.cat\/wp-content\/uploads\/glosario-Medusa_cast.jpg);\"><\/div>\n\t\t\t<div class=\"cibsub-guia-item__overlay\">\n\t\t\t\t<h2 class=\"cibsub-guia-item__title\">Medusas<\/h2>\n\t\t\t<\/div>\n\t\t<\/a>\n\t\t\t\t<a class=\"cibsub-guia-item\" href=\"https:\/\/www.cibsub.cat\/es\/glossari\/bioespecie_en-bivalve-55765\">\n\t\t\t<div class=\"cibsub-guia-item__image\" style=\"background-image:url(https:\/\/www.cibsub.cat\/wp-content\/uploads\/glosario-Bivalvo_cast.jpg);\"><\/div>\n\t\t\t<div class=\"cibsub-guia-item__overlay\">\n\t\t\t\t<h2 class=\"cibsub-guia-item__title\">Moluscos bivalvos<\/h2>\n\t\t\t<\/div>\n\t\t<\/a>\n\t\t\t\t<a class=\"cibsub-guia-item\" href=\"https:\/\/www.cibsub.cat\/es\/glossari\/bioespecie-cefalopode-55766\">\n\t\t\t<div class=\"cibsub-guia-item__image\" style=\"background-image:url(https:\/\/www.cibsub.cat\/wp-content\/uploads\/glosario-Pop_cast.jpg);\"><\/div>\n\t\t\t<div class=\"cibsub-guia-item__overlay\">\n\t\t\t\t<h2 class=\"cibsub-guia-item__title\">Moluscos cefal\u00f3podos<\/h2>\n\t\t\t<\/div>\n\t\t<\/a>\n\t\t\t\t<a class=\"cibsub-guia-item\" href=\"https:\/\/www.cibsub.cat\/es\/glossari\/bioespecie-gasteropode-55767\">\n\t\t\t<div class=\"cibsub-guia-item__image\" style=\"background-image:url(https:\/\/www.cibsub.cat\/wp-content\/uploads\/glosario-Gasteropodo_cast.jpg);\"><\/div>\n\t\t\t<div class=\"cibsub-guia-item__overlay\">\n\t\t\t\t<h2 class=\"cibsub-guia-item__title\">Moluscos gaster\u00f3podos<\/h2>\n\t\t\t<\/div>\n\t\t<\/a>\n\t\t\t\t<a class=\"cibsub-guia-item\" href=\"https:\/\/www.cibsub.cat\/es\/glossari\/bioespecie-opistobranqui-55768\">\n\t\t\t<div class=\"cibsub-guia-item__image\" style=\"background-image:url(https:\/\/www.cibsub.cat\/wp-content\/uploads\/glosario-Opistobranqui_cast.jpeg.jpg);\"><\/div>\n\t\t\t<div class=\"cibsub-guia-item__overlay\">\n\t\t\t\t<h2 class=\"cibsub-guia-item__title\">Moluscos opistobranquios<\/h2>\n\t\t\t<\/div>\n\t\t<\/a>\n\t\t\t\t<a class=\"cibsub-guia-item\" href=\"https:\/\/www.cibsub.cat\/es\/glossari\/bioespecie-cartilaginos-55769\">\n\t\t\t<div class=\"cibsub-guia-item__image\" style=\"background-image:url(https:\/\/www.cibsub.cat\/wp-content\/uploads\/Elasmobranqui_cat00-1.jpg);\"><\/div>\n\t\t\t<div class=\"cibsub-guia-item__overlay\">\n\t\t\t\t<h2 class=\"cibsub-guia-item__title\">Peces cartilaginosos o Condrictios<\/h2>\n\t\t\t<\/div>\n\t\t<\/a>\n\t\t\t\t<a class=\"cibsub-guia-item\" href=\"https:\/\/www.cibsub.cat\/es\/glossari\/bioespecie_en-ossi-55770\">\n\t\t\t<div class=\"cibsub-guia-item__image\" style=\"background-image:url(https:\/\/www.cibsub.cat\/wp-content\/uploads\/Peix_cat00-1.jpg);\"><\/div>\n\t\t\t<div class=\"cibsub-guia-item__overlay\">\n\t\t\t\t<h2 class=\"cibsub-guia-item__title\">Peces osseos o Osteictios<\/h2>\n\t\t\t<\/div>\n\t\t<\/a>\n\t\t<\/div>[\/et_pb_tab][et_pb_tab title=\u00bbCr\u00e9ditos\u00bb _builder_version=\u00bb4.22.1&#8243; _module_preset=\u00bbdefault\u00bb global_colors_info=\u00bb{}\u00bb]<\/p>\n<h2><strong>Cr\u00e9ditos<\/strong><\/h2>\n<p><strong>En la investigaci\u00f3n para la elaboraci\u00f3n de esta gu\u00eda han participado:<\/strong><br \/>David Abrodos, Henar Alonso, Adri\u00e0 Antich, Ana Araqu\u00e9, Vanessa Arranz, Rosa Balart, Ariadna Bardina, Enric Barn\u00fas, Josep Bel, Maria Blanes, Cristina Borrell, Greta Boix, Albert Borr\u00e0s, N\u00faria Cabezas, Marta Campos, Montse Campos, Meritxell Camps, Maria Casso, Clara C\u00e1novas, Xavier Corrales, Miquel Correa, Andrei Deulofeu, Agn\u00e8s Escurriola, Sofia Espu\u00f1a, Ana Estallo, Xavier Farr\u00e9, Joan Frias, Marta G\u00f3mez, Araceli Gort, Anna Guti\u00e9rrez, Antonio Ib\u00e1\u00f1ez, Dafne Jacome, Ra\u00fcl Jim\u00e9nez, Sheila Jim\u00e9nez, Marc Pacareu, Laura Pag\u00e8s, Cinta Pegueroles, Patr\u00edcia Lafuente, Adriana Libori, Anna L\u00f3pez, M\u00aaAngels L\u00f3pez, Alba Lorenzo, M\u00f2nica Lozano, Lu\u00eds Eduardo Lucena, Cristina Moya, Alba Pic\u00f3n, Francesc Marqu\u00e9s, Laura Mart\u00ed, Sandra Mart\u00ednez, Helena Masip, Neus Matamalas, Josep Mora, Ram\u00f3n Mu\u00f1oz, Lorena Navarro, Ver\u00f3nica Neira, Sandra Ortiz, N\u00faria Pamplona, Cinta Pegueroles, Cristina P\u00e9rez, Meritxell P\u00e9rez, Albert Pessarrodona, Alba Pic\u00f3n, Lola Pi\u00f1ol, Nat\u00e0lia Puig, Marta Quesada, Jordi Reg\u00e0s, Marcos Roca-Cusachs, Irene Rodr\u00edguez, S\u00edlvia Rossell, S\u00edlvia Salvador, Jordi S\u00e1nchez, Sergio S\u00e1nchez, Sonia S\u00e1nchez, Berta Segura, Gregorio Serrano, Guifr\u00e9 Torruella, Aitor Urdiales, Marc Uy\u00e0, Roger Valls, Antonia Vaquer, Cristina Velasco y Arne Wiegandt<\/p>\n<p><strong>Fotograf\u00eda:<\/strong><br \/>Joan Fern\u00e1ndez, Bernat Garrig\u00f3s, S\u00edlvia Junc\u00e0, Antoni L\u00f3pez-Arenas, \u00c0lex Lorente, Enric Madrenas, Anja Mares y Jordi Reg\u00e0s<\/p>\n<p><strong>Coordinaci\u00f3n y revisi\u00f3n:<\/strong><br \/>Agn\u00e8s Escurriola y Jordi Reg\u00e0s<\/p>\n<p><strong>Agradecimientos a:<\/strong><br \/>Manuel Ballesteros, Olivier Erwan Caro, Luca Lavelli, Pablo J. L\u00f3pez-Gonz\u00e1lez, Dani Mart\u00edn, Creu Palac\u00edn, Xavier Tur\u00f3n y Jordi Rull<\/p>\n<p>[\/et_pb_tab][\/et_pb_tabs][\/et_pb_column][\/et_pb_row][\/et_pb_section][et_pb_section fb_built=\u00bb1&#8243; _builder_version=\u00bb4.22.1&#8243; _module_preset=\u00bbdefault\u00bb global_colors_info=\u00bb{}\u00bb][\/et_pb_section]<\/p>\n","protected":false},"excerpt":{"rendered":"<p>[et_pb_section fb_built=\u00bb1&#8243; _builder_version=\u00bb4.22.1&#8243; _module_preset=\u00bbdefault\u00bb global_colors_info=\u00bb{}\u00bb][et_pb_row _builder_version=\u00bb4.22.1&#8243; _module_preset=\u00bbdefault\u00bb global_colors_info=\u00bb{}\u00bb][et_pb_column type=\u00bb4_4&#8243; _builder_version=\u00bb4.22.1&#8243; _module_preset=\u00bbdefault\u00bb global_colors_info=\u00bb{}\u00bb][et_pb_heading title=\u00bbGu\u00eda de especies\u00bb _builder_version=\u00bb4.22.1&#8243; _module_preset=\u00bbdefault\u00bb custom_margin=\u00bb||||false|false\u00bb global_colors_info=\u00bb{}\u00bb][\/et_pb_heading][et_pb_text _builder_version=\u00bb4.22.1&#8243; _module_preset=\u00bbdefault\u00bb global_colors_info=\u00bb{}\u00bb]Lorem ipsum dolor sit amet, consectetur adipiscing elit. Cras hendrerit aliquet est sit amet sollicitudin. Vivamus id porttitor odio. Aliquam et commodo orci. Proin at odio a ipsum ornare scelerisque et id nunc. Proin [&hellip;]<\/p>\n","protected":false},"author":1,"featured_media":0,"parent":0,"menu_order":0,"comment_status":"closed","ping_status":"closed","template":"","meta":{"_acf_changed":false,"_et_pb_use_builder":"on","_et_pb_old_content":"","_et_gb_content_width":"","footnotes":""},"class_list":["post-19216","page","type-page","status-publish","hentry"],"acf":[],"_links":{"self":[{"href":"https:\/\/www.cibsub.cat\/es\/wp-json\/wp\/v2\/pages\/19216","targetHints":{"allow":["GET"]}}],"collection":[{"href":"https:\/\/www.cibsub.cat\/es\/wp-json\/wp\/v2\/pages"}],"about":[{"href":"https:\/\/www.cibsub.cat\/es\/wp-json\/wp\/v2\/types\/page"}],"author":[{"embeddable":true,"href":"https:\/\/www.cibsub.cat\/es\/wp-json\/wp\/v2\/users\/1"}],"replies":[{"embeddable":true,"href":"https:\/\/www.cibsub.cat\/es\/wp-json\/wp\/v2\/comments?post=19216"}],"version-history":[{"count":3,"href":"https:\/\/www.cibsub.cat\/es\/wp-json\/wp\/v2\/pages\/19216\/revisions"}],"predecessor-version":[{"id":19419,"href":"https:\/\/www.cibsub.cat\/es\/wp-json\/wp\/v2\/pages\/19216\/revisions\/19419"}],"wp:attachment":[{"href":"https:\/\/www.cibsub.cat\/es\/wp-json\/wp\/v2\/media?parent=19216"}],"curies":[{"name":"wp","href":"https:\/\/api.w.org\/{rel}","templated":true}]}}