{"id":19256,"date":"2026-03-06T10:38:55","date_gmt":"2026-03-06T09:38:55","guid":{"rendered":"https:\/\/cibsub.c.wetopi.com\/info-immersions"},"modified":"2026-04-23T16:37:39","modified_gmt":"2026-04-23T14:37:39","slug":"info-immersions","status":"publish","type":"page","link":"https:\/\/www.cibsub.cat\/es\/info-immersions","title":{"rendered":"Info inmersiones"},"content":{"rendered":"<p>[et_pb_section fb_built=\u00bb1&#8243; _builder_version=\u00bb4.22.1&#8243; _module_preset=\u00bbdefault\u00bb global_colors_info=\u00bb{}\u00bb custom_padding=\u00bb||0px|||\u00bb][et_pb_row _builder_version=\u00bb4.22.1&#8243; _module_preset=\u00bbdefault\u00bb global_colors_info=\u00bb{}\u00bb][et_pb_column type=\u00bb4_4&#8243; _builder_version=\u00bb4.22.1&#8243; _module_preset=\u00bbdefault\u00bb global_colors_info=\u00bb{}\u00bb][et_pb_heading title=\u00bbInfo immersions\u00bb _builder_version=\u00bb4.22.1&#8243; _module_preset=\u00bbdefault\u00bb global_colors_info=\u00bb{}\u00bb][\/et_pb_heading][\/et_pb_column][\/et_pb_row][\/et_pb_section][et_pb_section fb_built=\u00bb1&#8243; _builder_version=\u00bb4.22.1&#8243; _module_preset=\u00bbdefault\u00bb global_colors_info=\u00bb{}\u00bb][et_pb_row _builder_version=\u00bb4.22.1&#8243; _module_preset=\u00bbdefault\u00bb global_colors_info=\u00bb{}\u00bb][et_pb_column type=\u00bb4_4&#8243; _builder_version=\u00bb4.22.1&#8243; _module_preset=\u00bbdefault\u00bb global_colors_info=\u00bb{}\u00bb][et_pb_text _builder_version=\u00bb4.22.1&#8243; _module_preset=\u00bbdefault\u00bb global_colors_info=\u00bb{}\u00bb]<\/p>\n<h2><strong>Vida marina<\/strong><\/h2>\n<p>En aquest apartat de la web del CIB trobareu les nocions b\u00e0siques de biologia marina necess\u00e0ries per gaudir de les vostres immersions d&#8217;una manera diferent. El que trobareu a continuaci\u00f3 no pret\u00e9n ser \u00fanicament una simple guia de les esp\u00e8cies que podeu trobar en les vostres immersions; volem transmetre una s\u00e8rie de coneixements sobre el medi mar\u00ed que ajudin a entendre millor l&#8217;ambient on ens endinsem cada cop que ens submergim.<\/p>\n<p>Molts cops els bi\u00f2legs i bi\u00f2logues, per tal d&#8217;estudiar la natura (no nom\u00e9s la submarina), utilitzen termes com comunitats, ecosistemes, biocenosis&#8230;, paraules que, sovint, defineixen termes complexes que descriuen un boc\u00ed de natura. De fet, s\u00f3n necess\u00e0ries per ajudar a entendre millor el funcionament de la part viva del planeta.<\/p>\n<p>Per\u00f2, aqu\u00ed, no farem servir res de tot aix\u00f2. Intentarem descriure les diferents parts del medi mar\u00ed que visitem els i les submarinistes en les nostres capbussades, \u00e9s a dir, veurem quines s\u00f3n les caracter\u00edstiques ecol\u00f2giques i la flora i fauna de cada tipus d&#8217;immersi\u00f3.<\/p>\n<p>Cal afegir que les descripcions que es fan de cada una de les immersions poden no ser del tot estricte (almenys cient\u00edficament estrictes), per\u00f2 s&#8217;hi aproximar\u00e0 for\u00e7a al que hom pot observar en realitat. Cada tipus d&#8217;immersi\u00f3 correspon a un h\u00e0bitat que pot presentar caracter\u00edstiques topogr\u00e0fiques diferents que determinin un paisatge m\u00e9s semblant als d&#8217;altres tipus d&#8217;immersions. Per exemple, en una immersi\u00f3 poc fonda hi trobem unes determinades esp\u00e8cies, per\u00f2 si hi ha una paret que est\u00e0 poc il\u00b7luminada, \u00e9s possible que en aquesta hi hagi esp\u00e8cies m\u00e9s semblants a les d&#8217;immersions m\u00e9s fondes.<\/p>\n<p>[\/et_pb_text][\/et_pb_column][\/et_pb_row][et_pb_row _builder_version=\u00bb4.22.1&#8243; _module_preset=\u00bbdefault\u00bb global_colors_info=\u00bb{}\u00bb][et_pb_column type=\u00bb4_4&#8243; _builder_version=\u00bb4.22.1&#8243; _module_preset=\u00bbdefault\u00bb global_colors_info=\u00bb{}\u00bb][et_pb_code _builder_version=\u00bb4.22.1&#8243; _module_preset=\u00bbdefault\u00bb global_colors_info=\u00bb{}\u00bb]<div class=\"cibsub-guia-grid cibsub-tipus-immersio-grid\"><div class=\"cibsub-tipus-immersio-card\"><a class=\"cibsub-guia-item\" href=\"https:\/\/www.cibsub.cat\/es\/biomarinatipus\/inmersion-en-aguas-abiertas\"><div class=\"cibsub-guia-item__image\" style=\"background-image:url(https:\/\/www.cibsub.cat\/wp-content\/uploads\/Blau.jpg);\"><\/div><div class=\"cibsub-guia-item__overlay\"><h2 class=\"cibsub-guia-item__title\">Inmersi\u00f3n en aguas abiertas<\/h2><\/div><\/a><\/div><div class=\"cibsub-tipus-immersio-card\"><a class=\"cibsub-guia-item\" href=\"https:\/\/www.cibsub.cat\/es\/biomarinatipus\/inmersion-en-arena\"><div class=\"cibsub-guia-item__image\" style=\"background-image:url(https:\/\/www.cibsub.cat\/wp-content\/uploads\/Sorra.jpg);\"><\/div><div class=\"cibsub-guia-item__overlay\"><h2 class=\"cibsub-guia-item__title\">Inmersi\u00f3n en arena<\/h2><\/div><\/a><\/div><div class=\"cibsub-tipus-immersio-card\"><a class=\"cibsub-guia-item\" href=\"https:\/\/www.cibsub.cat\/es\/biomarinatipus\/inmersion-en-cuevas\"><div class=\"cibsub-guia-item__image\" style=\"background-image:url(https:\/\/www.cibsub.cat\/wp-content\/uploads\/Coves.jpg);\"><\/div><div class=\"cibsub-guia-item__overlay\"><h2 class=\"cibsub-guia-item__title\">Inmersi\u00f3n en cuevas<\/h2><\/div><\/a><\/div><div class=\"cibsub-tipus-immersio-card\"><a class=\"cibsub-guia-item\" href=\"https:\/\/www.cibsub.cat\/es\/biomarinatipus\/inmersion-en-pecios\"><div class=\"cibsub-guia-item__image\" style=\"background-image:url(https:\/\/www.cibsub.cat\/wp-content\/uploads\/Pecis.jpg);\"><\/div><div class=\"cibsub-guia-item__overlay\"><h2 class=\"cibsub-guia-item__title\">Inmersi\u00f3n en pecios<\/h2><\/div><\/a><\/div><div class=\"cibsub-tipus-immersio-card\"><a class=\"cibsub-guia-item\" href=\"https:\/\/www.cibsub.cat\/es\/biomarinatipus\/inmersion-en-praderia\"><div class=\"cibsub-guia-item__image\" style=\"background-image:url(https:\/\/www.cibsub.cat\/wp-content\/uploads\/Praderia.jpg);\"><\/div><div class=\"cibsub-guia-item__overlay\"><h2 class=\"cibsub-guia-item__title\">Inmersi\u00f3n en prader\u00eda<\/h2><\/div><\/a><\/div><div class=\"cibsub-tipus-immersio-card\"><a class=\"cibsub-guia-item\" href=\"https:\/\/www.cibsub.cat\/es\/biomarinatipus\/inmersion-nocturna\"><div class=\"cibsub-guia-item__image\" style=\"background-image:url(https:\/\/www.cibsub.cat\/wp-content\/uploads\/Nocturna00.jpg);\"><\/div><div class=\"cibsub-guia-item__overlay\"><h2 class=\"cibsub-guia-item__title\">Inmersi\u00f3n nocturna<\/h2><\/div><\/a><\/div><div class=\"cibsub-tipus-immersio-card\"><a class=\"cibsub-guia-item\" href=\"https:\/\/www.cibsub.cat\/es\/biomarinatipus\/inmersion-observando-la-vida-bajo-las-piedras\"><div class=\"cibsub-guia-item__image\" style=\"background-image:url(https:\/\/www.cibsub.cat\/wp-content\/uploads\/Infralapidi_cola.jpg);\"><\/div><div class=\"cibsub-guia-item__overlay\"><h2 class=\"cibsub-guia-item__title\">Inmersi\u00f3n observando la vida bajo las piedras<\/h2><\/div><\/a><\/div><div class=\"cibsub-tipus-immersio-card\"><a class=\"cibsub-guia-item\" href=\"https:\/\/www.cibsub.cat\/es\/biomarinatipus\/inmersion-poco-profunda\"><div class=\"cibsub-guia-item__image\" style=\"background-image:url(https:\/\/www.cibsub.cat\/wp-content\/uploads\/Poc_fonda.jpg);\"><\/div><div class=\"cibsub-guia-item__overlay\"><h2 class=\"cibsub-guia-item__title\">Inmersi\u00f3n poco profunda<\/h2><\/div><\/a><\/div><div class=\"cibsub-tipus-immersio-card\"><a class=\"cibsub-guia-item\" href=\"https:\/\/www.cibsub.cat\/es\/biomarinatipus\/inmersion-profunda\"><div class=\"cibsub-guia-item__image\" style=\"background-image:url(https:\/\/www.cibsub.cat\/wp-content\/uploads\/Fonda.jpg);\"><\/div><div class=\"cibsub-guia-item__overlay\"><h2 class=\"cibsub-guia-item__title\">Inmersi\u00f3n profunda<\/h2><\/div><\/a><\/div><\/div>[\/et_pb_code][\/et_pb_column][\/et_pb_row][\/et_pb_section][et_pb_section fb_built=\u00bb1&#8243; module_id=\u00bbzones\u00bb _builder_version=\u00bb4.22.1&#8243; _module_preset=\u00bbdefault\u00bb hover_enabled=\u00bb0&#8243; global_colors_info=\u00bb{}\u00bb background_color=\u00bbrgba(215,215,215,0.15)\u00bb sticky_enabled=\u00bb0&#8243;][et_pb_row _builder_version=\u00bb4.22.1&#8243; _module_preset=\u00bbdefault\u00bb global_colors_info=\u00bb{}\u00bb][et_pb_column type=\u00bb4_4&#8243; _builder_version=\u00bb4.22.1&#8243; _module_preset=\u00bbdefault\u00bb global_colors_info=\u00bb{}\u00bb][et_pb_text _builder_version=\u00bb4.22.1&#8243; _module_preset=\u00bbdefault\u00bb global_colors_info=\u00bb{}\u00bb]<\/p>\n<h2><strong>Punts d\u2019immersi\u00f3<\/strong><\/h2>\n<p>[\/et_pb_text][\/et_pb_column][\/et_pb_row][et_pb_row _builder_version=\u00bb4.22.1&#8243; _module_preset=\u00bbdefault\u00bb global_colors_info=\u00bb{}\u00bb][et_pb_column type=\u00bb4_4&#8243; _builder_version=\u00bb4.22.1&#8243; _module_preset=\u00bbdefault\u00bb global_colors_info=\u00bb{}\u00bb][et_pb_code _builder_version=\u00bb4.22.1&#8243; _module_preset=\u00bbdefault\u00bb global_colors_info=\u00bb{}\u00bb][\/et_pb_code][\/et_pb_column][\/et_pb_row][\/et_pb_section][et_pb_section fb_built=\u00bb1&#8243; theme_builder_area=\u00bbpost_content\u00bb _builder_version=\u00bb4.22.1&#8243; _module_preset=\u00bbdefault\u00bb background_color=\u00bbrgba(215,215,215,0.15)\u00bb hover_enabled=\u00bb0&#8243; sticky_enabled=\u00bb0&#8243;][\/et_pb_section]<\/p>\n","protected":false},"excerpt":{"rendered":"<p>Vida marina En aquest apartat de la web del CIB trobareu les nocions b\u00e0siques de biologia marina necess\u00e0ries per gaudir de les vostres immersions d&#8217;una manera diferent. El que trobareu a continuaci\u00f3 no pret\u00e9n ser \u00fanicament una simple guia de les esp\u00e8cies que podeu trobar en les vostres immersions; volem transmetre una s\u00e8rie de coneixements [&hellip;]<\/p>\n","protected":false},"author":1,"featured_media":0,"parent":0,"menu_order":0,"comment_status":"closed","ping_status":"closed","template":"","meta":{"_acf_changed":false,"_et_pb_use_builder":"on","_et_pb_old_content":"","_et_gb_content_width":"","footnotes":""},"class_list":["post-19256","page","type-page","status-publish","hentry"],"acf":[],"_links":{"self":[{"href":"https:\/\/www.cibsub.cat\/es\/wp-json\/wp\/v2\/pages\/19256","targetHints":{"allow":["GET"]}}],"collection":[{"href":"https:\/\/www.cibsub.cat\/es\/wp-json\/wp\/v2\/pages"}],"about":[{"href":"https:\/\/www.cibsub.cat\/es\/wp-json\/wp\/v2\/types\/page"}],"author":[{"embeddable":true,"href":"https:\/\/www.cibsub.cat\/es\/wp-json\/wp\/v2\/users\/1"}],"replies":[{"embeddable":true,"href":"https:\/\/www.cibsub.cat\/es\/wp-json\/wp\/v2\/comments?post=19256"}],"version-history":[{"count":1,"href":"https:\/\/www.cibsub.cat\/es\/wp-json\/wp\/v2\/pages\/19256\/revisions"}],"predecessor-version":[{"id":19257,"href":"https:\/\/www.cibsub.cat\/es\/wp-json\/wp\/v2\/pages\/19256\/revisions\/19257"}],"wp:attachment":[{"href":"https:\/\/www.cibsub.cat\/es\/wp-json\/wp\/v2\/media?parent=19256"}],"curies":[{"name":"wp","href":"https:\/\/api.w.org\/{rel}","templated":true}]}}